{"id":392,"date":"2015-10-29T14:53:46","date_gmt":"2015-10-29T13:53:46","guid":{"rendered":"http:\/\/liberproarte.eu\/?page_id=392"},"modified":"2015-12-10T11:52:16","modified_gmt":"2015-12-10T10:52:16","slug":"konferencje","status":"publish","type":"page","link":"http:\/\/liberproarte.eu\/?page_id=392","title":{"rendered":"Teatr staropolski a kultura wsp\u00f3\u0142czesna"},"content":{"rendered":"<p style=\"text-align: center;\"><strong>Teatr staropolski a kultura wsp\u00f3\u0142czesna<\/strong><\/p>\n<p style=\"text-align: justify;\">W dniach 22\u201324 kwietnia 2013 roku odby\u0142a si\u0119 konferencja <em>Teatr staropolski a kultura wsp\u00f3\u0142czesna<\/em> zorganizowana we wsp\u00f3\u0142pracy Instytutu Sztuki Polskiej Akademii Nauk, Uniwersytetu Kardyna\u0142a Stefana Wyszy\u0144skiego, Stowarzyszenia LIBER PRO ARTE oraz Instytutu Papie\u017ca Jana Paw\u0142a II. Pragnieniem organizator\u00f3w by\u0142o uczczenie pami\u0119ci najwybitniejszego historyka teatru staropolskiego, profesora Juliana Lewa\u0144skiego, w dziesi\u0105t\u0105 rocznic\u0119 jego \u015bmierci.<\/p>\n<p style=\"text-align: justify;\">Przedsi\u0119wzi\u0119cie okaza\u0142o si\u0119 znacz\u0105ce i cieszy\u0142o si\u0119 du\u017cym zainteresowaniem. Zaprezentowane wyst\u0105pienia po\u015bwi\u0119cono widowiskom staropolskim badanym z wykorzystaniem wsp\u00f3\u0142czesnych metodologii oraz \u017cywotno\u015bci staropolskiej tradycji w teatrze wsp\u00f3\u0142czesnym. Refleksj\u0119 uzupe\u0142ni\u0142y wydarzenia towarzysz\u0105ce (m.in. wystawienie przez Schol\u0119 Teatru W\u0119gajty spektaklu <em>Ludus paschalis<\/em>).<\/p>\n<p style=\"text-align: justify;\">Materia\u0142y z sesji opublikowano w kwartalniku &#8222;Pami\u0119tnik Teatralny&#8221;, miesi\u0119czniku &#8222;Teatr&#8221;, a tak\u017ce w zredagowanym przez Patryka Kenckiego i Jacka Kopci\u0144skiego tomie <em>Staropolskie zwierciad\u0142o<\/em>, Warszawa 2015.<\/p>\n<pre><span style=\"color: #ff6600;\">KONFERENCJA ODBY\u0141A SI\u0118 DZI\u0118KI \u015aRODKOM FINANSOWYM PRZYZNANYM PRZEZ MINISTRA NAUKI I SZKOLNICTWA WY\u017bSZEGO<\/span><\/pre>\n<p><a href=\"http:\/\/liberproarte.eu\/wp-content\/uploads\/2015\/10\/Konferencja_Teatr_staropolski.pdf\">Program konferencji<\/a><\/p>\n","protected":false},"excerpt":{"rendered":"<p>Teatr staropolski a kultura wsp\u00f3\u0142czesna W dniach 22\u201324 kwietnia 2013 roku odby\u0142a si\u0119 konferencja Teatr staropolski a kultura wsp\u00f3\u0142czesna zorganizowana we wsp\u00f3\u0142pracy Instytutu Sztuki Polskiej Akademii Nauk, Uniwersytetu Kardyna\u0142a Stefana Wyszy\u0144skiego, Stowarzyszenia LIBER PRO ARTE oraz Instytutu Papie\u017ca Jana Paw\u0142a II. Pragnieniem organizator\u00f3w by\u0142o uczczenie pami\u0119ci najwybitniejszego historyka teatru staropolskiego, profesora Juliana Lewa\u0144skiego, w dziesi\u0105t\u0105 [&hellip;]<\/p>\n","protected":false},"author":1,"featured_media":0,"parent":0,"menu_order":0,"comment_status":"closed","ping_status":"closed","template":"","meta":{"footnotes":""},"class_list":["post-392","page","type-page","status-publish","hentry","post-preview"],"_links":{"self":[{"href":"http:\/\/liberproarte.eu\/index.php?rest_route=\/wp\/v2\/pages\/392","targetHints":{"allow":["GET"]}}],"collection":[{"href":"http:\/\/liberproarte.eu\/index.php?rest_route=\/wp\/v2\/pages"}],"about":[{"href":"http:\/\/liberproarte.eu\/index.php?rest_route=\/wp\/v2\/types\/page"}],"author":[{"embeddable":true,"href":"http:\/\/liberproarte.eu\/index.php?rest_route=\/wp\/v2\/users\/1"}],"replies":[{"embeddable":true,"href":"http:\/\/liberproarte.eu\/index.php?rest_route=%2Fwp%2Fv2%2Fcomments&post=392"}],"version-history":[{"count":5,"href":"http:\/\/liberproarte.eu\/index.php?rest_route=\/wp\/v2\/pages\/392\/revisions"}],"predecessor-version":[{"id":407,"href":"http:\/\/liberproarte.eu\/index.php?rest_route=\/wp\/v2\/pages\/392\/revisions\/407"}],"wp:attachment":[{"href":"http:\/\/liberproarte.eu\/index.php?rest_route=%2Fwp%2Fv2%2Fmedia&parent=392"}],"curies":[{"name":"wp","href":"https:\/\/api.w.org\/{rel}","templated":true}]}}