{"id":63,"date":"2014-09-10T08:34:30","date_gmt":"2014-09-10T06:34:30","guid":{"rendered":"http:\/\/liberproarteweb.localhost\/?page_id=63"},"modified":"2019-03-12T09:53:50","modified_gmt":"2019-03-12T08:53:50","slug":"biuletyn-historii-sztuki","status":"publish","type":"page","link":"http:\/\/liberproarte.eu\/?page_id=63","title":{"rendered":"Biuletyn Historii Sztuki"},"content":{"rendered":"<div align=\"justify\">Kwartalnik zajmuj\u0105cy si\u0119 dziejami sztuki polskiej i obcej od \u015bredniowiecza po wiek XX ukazuje si\u0119 od ponad osiemdziesi\u0119ciu lat i jest najstarszym polskim czasopismem naukowym po\u015bwi\u0119conym historii sztuki. Artyku\u0142y w j\u0119zyku polskim opatrzone s\u0105 obszernymi streszczeniami w j\u0119zyku angielskim. Artyku\u0142y autor\u00f3w zagranicznych publikowane s\u0105 w j\u0119zykach kongresowych. BHS zamieszcza recenzje wa\u017cnych wystaw i publikacji, om\u00f3wienia konferencji naukowych, a tak\u017ce wspomnienia po\u015bwi\u0119cone zas\u0142u\u017conym historykom sztuki.<\/div>\n<p>&nbsp;<\/p>\n<div align=\"center\"><img loading=\"lazy\" decoding=\"async\" class=\"aligncenter wp-image-637 size-full\" src=\"http:\/\/liberproarte.eu\/wp-content\/uploads\/2019\/03\/BHS.jpg\" alt=\"\" width=\"680\" height=\"526\" srcset=\"http:\/\/liberproarte.eu\/wp-content\/uploads\/2019\/03\/BHS.jpg 680w, http:\/\/liberproarte.eu\/wp-content\/uploads\/2019\/03\/BHS-150x116.jpg 150w, http:\/\/liberproarte.eu\/wp-content\/uploads\/2019\/03\/BHS-300x232.jpg 300w, http:\/\/liberproarte.eu\/wp-content\/uploads\/2019\/03\/BHS-676x523.jpg 676w\" sizes=\"auto, (max-width: 680px) 100vw, 680px\" \/><\/div>\n<p>&nbsp;<\/p>\n<div align=\"center\"><\/div>\n<div align=\"justify\">Wi\u0119cej informacji <a href=\"http:\/\/www.ispan.pl\/pl\/wydawnictwa\/czasopisma\/biuletyn-historii-sztuki\">pod tym adresem<\/a>.<\/div>\n","protected":false},"excerpt":{"rendered":"<p>Kwartalnik zajmuj\u0105cy si\u0119 dziejami sztuki polskiej i obcej od \u015bredniowiecza po wiek XX ukazuje si\u0119 od ponad osiemdziesi\u0119ciu lat i jest najstarszym polskim czasopismem naukowym po\u015bwi\u0119conym historii sztuki. Artyku\u0142y w j\u0119zyku polskim opatrzone s\u0105 obszernymi streszczeniami w j\u0119zyku angielskim. Artyku\u0142y autor\u00f3w zagranicznych publikowane s\u0105 w j\u0119zykach kongresowych. BHS zamieszcza recenzje wa\u017cnych wystaw i publikacji, om\u00f3wienia [&hellip;]<\/p>\n","protected":false},"author":2,"featured_media":0,"parent":40,"menu_order":0,"comment_status":"closed","ping_status":"closed","template":"","meta":{"footnotes":""},"class_list":["post-63","page","type-page","status-publish","hentry","post-preview"],"_links":{"self":[{"href":"http:\/\/liberproarte.eu\/index.php?rest_route=\/wp\/v2\/pages\/63","targetHints":{"allow":["GET"]}}],"collection":[{"href":"http:\/\/liberproarte.eu\/index.php?rest_route=\/wp\/v2\/pages"}],"about":[{"href":"http:\/\/liberproarte.eu\/index.php?rest_route=\/wp\/v2\/types\/page"}],"author":[{"embeddable":true,"href":"http:\/\/liberproarte.eu\/index.php?rest_route=\/wp\/v2\/users\/2"}],"replies":[{"embeddable":true,"href":"http:\/\/liberproarte.eu\/index.php?rest_route=%2Fwp%2Fv2%2Fcomments&post=63"}],"version-history":[{"count":9,"href":"http:\/\/liberproarte.eu\/index.php?rest_route=\/wp\/v2\/pages\/63\/revisions"}],"predecessor-version":[{"id":642,"href":"http:\/\/liberproarte.eu\/index.php?rest_route=\/wp\/v2\/pages\/63\/revisions\/642"}],"up":[{"embeddable":true,"href":"http:\/\/liberproarte.eu\/index.php?rest_route=\/wp\/v2\/pages\/40"}],"wp:attachment":[{"href":"http:\/\/liberproarte.eu\/index.php?rest_route=%2Fwp%2Fv2%2Fmedia&parent=63"}],"curies":[{"name":"wp","href":"https:\/\/api.w.org\/{rel}","templated":true}]}}