{"id":67,"date":"2014-09-10T08:44:27","date_gmt":"2014-09-10T08:44:27","guid":{"rendered":"http:\/\/liberproarteweb.localhost\/?page_id=67"},"modified":"2019-03-12T10:01:37","modified_gmt":"2019-03-12T09:01:37","slug":"kwartalnik-filmowy","status":"publish","type":"page","link":"http:\/\/liberproarte.eu\/?page_id=67","title":{"rendered":"Kwartalnik Filmowy"},"content":{"rendered":"<div align=\"justify\">Jeden z najbardziej cenionych i opiniotw\u00f3rczych periodyk\u00f3w w\u015br\u00f3d czasopism o tematyce kulturalnej. Zajmuje si\u0119 histori\u0105 i teori\u0105 filmu, sztuk audiowizualnych i medi\u00f3w, zamieszczaj\u0105c teksty klasyk\u00f3w teorii filmu i ich nowe odczytania, a tak\u017ce prezentuj\u0105c najnowsze zjawiska we wsp\u00f3\u0142czesnym filmoznawstwie i medioznawstwie oraz zagadnienia poszerzaj\u0105ce wiedz\u0119 na temat interdyscyplinarnych i mi\u0119dzykulturowych aspekt\u00f3w wsp\u00f3\u0142czesnej sztuki filmowej.<br \/>\nKwartalnik Filmowy skierowany jest do pracownik\u00f3w naukowych, student\u00f3w uniwersyteckich wydzia\u0142\u00f3w humanistycznych i szk\u00f3\u0142 artystycznych, do szeroko poj\u0119tego \u015brodowiska filmowego oraz do wyrobionych kinoman\u00f3w.<\/div>\n<p>&nbsp;<\/p>\n<div align=\"center\"><img loading=\"lazy\" decoding=\"async\" class=\"aligncenter size-full wp-image-646\" src=\"http:\/\/liberproarte.eu\/wp-content\/uploads\/2019\/03\/Kwartalnik_Filmowy.jpg\" alt=\"\" width=\"420\" height=\"481\" srcset=\"http:\/\/liberproarte.eu\/wp-content\/uploads\/2019\/03\/Kwartalnik_Filmowy.jpg 420w, http:\/\/liberproarte.eu\/wp-content\/uploads\/2019\/03\/Kwartalnik_Filmowy-131x150.jpg 131w, http:\/\/liberproarte.eu\/wp-content\/uploads\/2019\/03\/Kwartalnik_Filmowy-262x300.jpg 262w\" sizes=\"auto, (max-width: 420px) 100vw, 420px\" \/><\/div>\n<p>&nbsp;<\/p>\n<div align=\"justify\">Wi\u0119cej informacji <a href=\"http:\/\/www.ispan.pl\/pl\/wydawnictwa\/czasopisma\/kwartalnik-filmowy\">pod tym adresem<\/a>.<\/div>\n","protected":false},"excerpt":{"rendered":"<p>Jeden z najbardziej cenionych i opiniotw\u00f3rczych periodyk\u00f3w w\u015br\u00f3d czasopism o tematyce kulturalnej. Zajmuje si\u0119 histori\u0105 i teori\u0105 filmu, sztuk audiowizualnych i medi\u00f3w, zamieszczaj\u0105c teksty klasyk\u00f3w teorii filmu i ich nowe odczytania, a tak\u017ce prezentuj\u0105c najnowsze zjawiska we wsp\u00f3\u0142czesnym filmoznawstwie i medioznawstwie oraz zagadnienia poszerzaj\u0105ce wiedz\u0119 na temat interdyscyplinarnych i mi\u0119dzykulturowych aspekt\u00f3w wsp\u00f3\u0142czesnej sztuki filmowej. Kwartalnik [&hellip;]<\/p>\n","protected":false},"author":2,"featured_media":0,"parent":40,"menu_order":0,"comment_status":"closed","ping_status":"open","template":"","meta":{"footnotes":""},"class_list":["post-67","page","type-page","status-publish","hentry","post-preview"],"_links":{"self":[{"href":"http:\/\/liberproarte.eu\/index.php?rest_route=\/wp\/v2\/pages\/67","targetHints":{"allow":["GET"]}}],"collection":[{"href":"http:\/\/liberproarte.eu\/index.php?rest_route=\/wp\/v2\/pages"}],"about":[{"href":"http:\/\/liberproarte.eu\/index.php?rest_route=\/wp\/v2\/types\/page"}],"author":[{"embeddable":true,"href":"http:\/\/liberproarte.eu\/index.php?rest_route=\/wp\/v2\/users\/2"}],"replies":[{"embeddable":true,"href":"http:\/\/liberproarte.eu\/index.php?rest_route=%2Fwp%2Fv2%2Fcomments&post=67"}],"version-history":[{"count":6,"href":"http:\/\/liberproarte.eu\/index.php?rest_route=\/wp\/v2\/pages\/67\/revisions"}],"predecessor-version":[{"id":648,"href":"http:\/\/liberproarte.eu\/index.php?rest_route=\/wp\/v2\/pages\/67\/revisions\/648"}],"up":[{"embeddable":true,"href":"http:\/\/liberproarte.eu\/index.php?rest_route=\/wp\/v2\/pages\/40"}],"wp:attachment":[{"href":"http:\/\/liberproarte.eu\/index.php?rest_route=%2Fwp%2Fv2%2Fmedia&parent=67"}],"curies":[{"name":"wp","href":"https:\/\/api.w.org\/{rel}","templated":true}]}}