{"id":69,"date":"2014-09-10T08:45:33","date_gmt":"2014-09-10T08:45:33","guid":{"rendered":"http:\/\/liberproarteweb.localhost\/?page_id=69"},"modified":"2019-03-12T10:06:04","modified_gmt":"2019-03-12T09:06:04","slug":"pamietnik-teatralny","status":"publish","type":"page","link":"http:\/\/liberproarte.eu\/?page_id=69","title":{"rendered":"Pami\u0119tnik Teatralny"},"content":{"rendered":"<div align=\"justify\">Naukowe czasopismo teatrologiczne za\u0142o\u017cone przez Leona Schillera i ukazuj\u0105ce si\u0119 od 1952 roku. Na \u0142amach tego periodyku ukazuj\u0105 si\u0119 przede wszystkim publikacje historycznoteatralne i historycznodramatyczne (rozprawy, eseje oraz edycje materia\u0142\u00f3w \u017ar\u00f3d\u0142owych). W czasopi\u015bmie publikowane s\u0105 r\u00f3wnie\u017c teksty z zakresu krytyki oraz teorii teatru. Poszczeg\u00f3lne zeszyty maj\u0105 charakter b\u0105d\u017a przegl\u0105dowy, b\u0105d\u017a monograficzny (np. tomy po\u015bwi\u0119cone Jerzemu Grotowskiemu czy tradycjom Sceny Narodowej).<\/div>\n<p>&nbsp;<\/p>\n<div align=\"center\"><img loading=\"lazy\" decoding=\"async\" class=\"aligncenter size-full wp-image-649\" src=\"http:\/\/liberproarte.eu\/wp-content\/uploads\/2019\/03\/Pamietnik_Teatralny.jpg\" alt=\"\" width=\"680\" height=\"538\" srcset=\"http:\/\/liberproarte.eu\/wp-content\/uploads\/2019\/03\/Pamietnik_Teatralny.jpg 680w, http:\/\/liberproarte.eu\/wp-content\/uploads\/2019\/03\/Pamietnik_Teatralny-150x119.jpg 150w, http:\/\/liberproarte.eu\/wp-content\/uploads\/2019\/03\/Pamietnik_Teatralny-300x237.jpg 300w, http:\/\/liberproarte.eu\/wp-content\/uploads\/2019\/03\/Pamietnik_Teatralny-676x535.jpg 676w\" sizes=\"auto, (max-width: 680px) 100vw, 680px\" \/><\/div>\n<p>&nbsp;<\/p>\n<div align=\"justify\">Wi\u0119cej informacji <a href=\"http:\/\/www.ispan.pl\/pl\/wydawnictwa\/czasopisma\/pamietnik-teatralny\">pod tym adresem<\/a>.<\/div>\n","protected":false},"excerpt":{"rendered":"<p>Naukowe czasopismo teatrologiczne za\u0142o\u017cone przez Leona Schillera i ukazuj\u0105ce si\u0119 od 1952 roku. Na \u0142amach tego periodyku ukazuj\u0105 si\u0119 przede wszystkim publikacje historycznoteatralne i historycznodramatyczne (rozprawy, eseje oraz edycje materia\u0142\u00f3w \u017ar\u00f3d\u0142owych). W czasopi\u015bmie publikowane s\u0105 r\u00f3wnie\u017c teksty z zakresu krytyki oraz teorii teatru. Poszczeg\u00f3lne zeszyty maj\u0105 charakter b\u0105d\u017a przegl\u0105dowy, b\u0105d\u017a monograficzny (np. tomy po\u015bwi\u0119cone Jerzemu [&hellip;]<\/p>\n","protected":false},"author":2,"featured_media":0,"parent":40,"menu_order":0,"comment_status":"closed","ping_status":"open","template":"","meta":{"footnotes":""},"class_list":["post-69","page","type-page","status-publish","hentry","post-preview"],"_links":{"self":[{"href":"http:\/\/liberproarte.eu\/index.php?rest_route=\/wp\/v2\/pages\/69","targetHints":{"allow":["GET"]}}],"collection":[{"href":"http:\/\/liberproarte.eu\/index.php?rest_route=\/wp\/v2\/pages"}],"about":[{"href":"http:\/\/liberproarte.eu\/index.php?rest_route=\/wp\/v2\/types\/page"}],"author":[{"embeddable":true,"href":"http:\/\/liberproarte.eu\/index.php?rest_route=\/wp\/v2\/users\/2"}],"replies":[{"embeddable":true,"href":"http:\/\/liberproarte.eu\/index.php?rest_route=%2Fwp%2Fv2%2Fcomments&post=69"}],"version-history":[{"count":6,"href":"http:\/\/liberproarte.eu\/index.php?rest_route=\/wp\/v2\/pages\/69\/revisions"}],"predecessor-version":[{"id":651,"href":"http:\/\/liberproarte.eu\/index.php?rest_route=\/wp\/v2\/pages\/69\/revisions\/651"}],"up":[{"embeddable":true,"href":"http:\/\/liberproarte.eu\/index.php?rest_route=\/wp\/v2\/pages\/40"}],"wp:attachment":[{"href":"http:\/\/liberproarte.eu\/index.php?rest_route=%2Fwp%2Fv2%2Fmedia&parent=69"}],"curies":[{"name":"wp","href":"https:\/\/api.w.org\/{rel}","templated":true}]}}