{"id":87,"date":"2014-09-10T09:02:43","date_gmt":"2014-09-10T09:02:43","guid":{"rendered":"http:\/\/liberproarteweb.localhost\/?page_id=87"},"modified":"2023-02-01T15:03:08","modified_gmt":"2023-02-01T14:03:08","slug":"przyklad-materialow-fotograficznych","status":"publish","type":"page","link":"http:\/\/liberproarte.eu\/?page_id=87","title":{"rendered":"Zesp\u00f3\u0142 rysunk\u00f3w architektonicznych"},"content":{"rendered":"<p style=\"text-align: justify;\">W 2022 r. Stowarzyszenie &#8222;Liber Pro Arte&#8221;, we wsp\u00f3\u0142pracy z Instytutem Sztuki PAN w Warszawie, zrealizowa\u0142o projekt pt. &#8222;Unikatowy zesp\u00f3\u0142 rysunk\u00f3w architektonicznych w zbiorach Instytutu Sztuki PAN: opracowanie-digitalizacja-udost\u0119pnienie&#8221;, dofinansowany ze \u015brodk\u00f3w Ministra Kultury i Dziedzictwa Narodowego w ramach Programu \u201eKultura Cyfrowa\u201d. Prezentujemy Pa\u0144stwu 800 rysunk\u00f3w architektonicznych obiekt\u00f3w z teren\u00f3w dawnej i obecnej Rzeczypospolitej, przechowywanych w Instytucie Sztuki PAN w Warszawie z mo\u017cliwo\u015bci\u0105 ponownego wykorzystywania ww. zasob\u00f3w do cel\u00f3w popularyzacyjnych, edukacyjnych i naukowych.<br \/>\nPrezentowany zas\u00f3b to jeden z najcenniejszych zbior\u00f3w tego typu w Polsce, kt\u00f3ry dotychczas nie by\u0142 udost\u0119pniany on line, a wi\u0119c pozostawa\u0142 niemal zupe\u0142nie nieznany szerszemu gronu odbiorc\u00f3w. Rysunki stanowi\u0105 unikalny zapis dziej\u00f3w polskiej architektury, dokumentuj\u0105 wybitne obiekty, cz\u0119sto ju\u017c nieistniej\u0105ce lub znacznie przekszta\u0142cone w wyniku wojen i zmian cywilizacyjnych. Zasi\u0119g terytorialny zasobu obejmuje przede wszystkim obszar obecnej i dawnej Rzeczypospolitej, w tym dzisiejszej Litwy, Ukrainy, Bia\u0142orusi i Rosji. Najstarsze rysunki pochodz\u0105 z 1. po\u0142owy XIX w., znaczn\u0105 cz\u0119\u015b\u0107 stanowi\u0105 materia\u0142y ocala\u0142e z zasob\u00f3w polskich i niemieckich instytucji z XIX i pierwszych dziesi\u0119cioleci XX w., uzupe\u0142niony o bogaty zbi\u00f3r nabytk\u00f3w powojennych. Rysunki architektoniczne powsta\u0142y w ramach dzia\u0142alno\u015bci organizacji i instytucji o dziejowym znaczeniu dla bada\u0144 i ochrony dziedzictwa narodowego. W\u015br\u00f3d nich nale\u017cy wymieni\u0107 m.in.: Towarzystwo Opieki nad Zabytkami Przesz\u0142o\u015bci, Centralne Biuro Inwentaryzacji Zabytk\u00f3w Sztuki przy Ministerstwie Wyzna\u0144 Religijnych i O\u015bwiecenia Publicznego, Zarz\u0105d Muze\u00f3w i Ochrony Zabytk\u00f3w dzia\u0142aj\u0105ce w ramach Ministerstwa Kultury i Sztuki.<br \/>\nW celu pobrania materia\u0142u wizualnego nale\u017cy wybra\u0107 poni\u017cszy link, wej\u015b\u0107 w zak\u0142adk\u0119 Zasoby Archiwum Cyfrowego, klikn\u0105\u0107 ikon\u0119 &#8222;download&#8221; i wpisa\u0107 has\u0142o &#8222;ISPAN&#8221;.<\/p>\n<p style=\"text-align: center;\"><a href=\"https:\/\/repozytorium.ispan.pl\/dlibra\/collectiondescription\/28\">https:\/\/repozytorium.ispan.pl\/dlibra\/collectiondescription\/28<\/a><\/p>\n<p style=\"text-align: center;\"><a href=\"http:\/\/liberproarte.eu\/wp-content\/uploads\/2023\/01\/05_znak_uproszczony_kolor_biale_tlo_RGB_PL.png\" data-rel=\"lightbox-image-0\" data-rl_title=\"\" data-rl_caption=\"\" title=\"\"><img loading=\"lazy\" decoding=\"async\" class=\"aligncenter size-medium wp-image-865\" src=\"http:\/\/liberproarte.eu\/wp-content\/uploads\/2023\/01\/05_znak_uproszczony_kolor_biale_tlo_RGB_PL-300x84.png\" alt=\"MKiDN logo\" width=\"300\" height=\"84\" srcset=\"http:\/\/liberproarte.eu\/wp-content\/uploads\/2023\/01\/05_znak_uproszczony_kolor_biale_tlo_RGB_PL-300x84.png 300w, http:\/\/liberproarte.eu\/wp-content\/uploads\/2023\/01\/05_znak_uproszczony_kolor_biale_tlo_RGB_PL-1024x288.png 1024w, http:\/\/liberproarte.eu\/wp-content\/uploads\/2023\/01\/05_znak_uproszczony_kolor_biale_tlo_RGB_PL-150x42.png 150w, http:\/\/liberproarte.eu\/wp-content\/uploads\/2023\/01\/05_znak_uproszczony_kolor_biale_tlo_RGB_PL-768x216.png 768w, http:\/\/liberproarte.eu\/wp-content\/uploads\/2023\/01\/05_znak_uproszczony_kolor_biale_tlo_RGB_PL-1536x432.png 1536w, http:\/\/liberproarte.eu\/wp-content\/uploads\/2023\/01\/05_znak_uproszczony_kolor_biale_tlo_RGB_PL-676x190.png 676w, http:\/\/liberproarte.eu\/wp-content\/uploads\/2023\/01\/05_znak_uproszczony_kolor_biale_tlo_RGB_PL.png 1600w\" sizes=\"auto, (max-width: 300px) 100vw, 300px\" \/><\/a><\/p>\n<p style=\"text-align: center;\"><strong>Dofinansowano ze \u015brodk\u00f3w Ministra Kultury i Dziedzictwa Narodowego pochodz\u0105cych z Funduszu Promocji Kultury \u2013 pa\u0144stwowego funduszu celowego.<\/strong><\/p>\n<p style=\"text-align: center;\"><a href=\"http:\/\/liberproarte.eu\/wp-content\/uploads\/2023\/02\/budzet_panstwa.jpg\" data-rel=\"lightbox-image-1\" data-rl_title=\"\" data-rl_caption=\"\" title=\"\"><img loading=\"lazy\" decoding=\"async\" class=\"aligncenter wp-image-869\" src=\"http:\/\/liberproarte.eu\/wp-content\/uploads\/2023\/02\/budzet_panstwa-212x300.jpg\" alt=\"\" width=\"400\" height=\"566\" srcset=\"http:\/\/liberproarte.eu\/wp-content\/uploads\/2023\/02\/budzet_panstwa-212x300.jpg 212w, http:\/\/liberproarte.eu\/wp-content\/uploads\/2023\/02\/budzet_panstwa-106x150.jpg 106w, http:\/\/liberproarte.eu\/wp-content\/uploads\/2023\/02\/budzet_panstwa-676x956.jpg 676w, http:\/\/liberproarte.eu\/wp-content\/uploads\/2023\/02\/budzet_panstwa.jpg 724w\" sizes=\"auto, (max-width: 400px) 100vw, 400px\" \/><\/a><\/p>\n","protected":false},"excerpt":{"rendered":"<p>W 2022 r. Stowarzyszenie &#8222;Liber Pro Arte&#8221;, we wsp\u00f3\u0142pracy z Instytutem Sztuki PAN w Warszawie, zrealizowa\u0142o projekt pt. &#8222;Unikatowy zesp\u00f3\u0142 rysunk\u00f3w architektonicznych w zbiorach Instytutu Sztuki PAN: opracowanie-digitalizacja-udost\u0119pnienie&#8221;, dofinansowany ze \u015brodk\u00f3w Ministra Kultury i Dziedzictwa Narodowego w ramach Programu \u201eKultura Cyfrowa\u201d. Prezentujemy Pa\u0144stwu 800 rysunk\u00f3w architektonicznych obiekt\u00f3w z teren\u00f3w dawnej i obecnej Rzeczypospolitej, przechowywanych w [&hellip;]<\/p>\n","protected":false},"author":2,"featured_media":0,"parent":85,"menu_order":0,"comment_status":"closed","ping_status":"open","template":"","meta":{"footnotes":""},"class_list":["post-87","page","type-page","status-publish","hentry","post-preview"],"_links":{"self":[{"href":"http:\/\/liberproarte.eu\/index.php?rest_route=\/wp\/v2\/pages\/87","targetHints":{"allow":["GET"]}}],"collection":[{"href":"http:\/\/liberproarte.eu\/index.php?rest_route=\/wp\/v2\/pages"}],"about":[{"href":"http:\/\/liberproarte.eu\/index.php?rest_route=\/wp\/v2\/types\/page"}],"author":[{"embeddable":true,"href":"http:\/\/liberproarte.eu\/index.php?rest_route=\/wp\/v2\/users\/2"}],"replies":[{"embeddable":true,"href":"http:\/\/liberproarte.eu\/index.php?rest_route=%2Fwp%2Fv2%2Fcomments&post=87"}],"version-history":[{"count":14,"href":"http:\/\/liberproarte.eu\/index.php?rest_route=\/wp\/v2\/pages\/87\/revisions"}],"predecessor-version":[{"id":870,"href":"http:\/\/liberproarte.eu\/index.php?rest_route=\/wp\/v2\/pages\/87\/revisions\/870"}],"up":[{"embeddable":true,"href":"http:\/\/liberproarte.eu\/index.php?rest_route=\/wp\/v2\/pages\/85"}],"wp:attachment":[{"href":"http:\/\/liberproarte.eu\/index.php?rest_route=%2Fwp%2Fv2%2Fmedia&parent=87"}],"curies":[{"name":"wp","href":"https:\/\/api.w.org\/{rel}","templated":true}]}}